{"id":146,"date":"2016-12-16T11:31:06","date_gmt":"2016-12-16T19:31:06","guid":{"rendered":"http:\/\/gnosisamerica.com\/?page_id=146"},"modified":"2018-06-01T08:57:34","modified_gmt":"2018-06-01T16:57:34","slug":"espanol-or-spanish-links","status":"publish","type":"page","link":"https:\/\/gnosisamerica.org\/index.php\/gnostic-links\/espanol-or-spanish-links\/","title":{"rendered":"Espanol or Spanish Links"},"content":{"rendered":"<p><strong>Espa\u00f1ol or SPANISH:<\/strong><\/p>\n<p><a href=\"http:\/\/koradi.org\/es\/radio-koradi\/\" target=\"_blank\">Radio Koradi<\/a> (Radio Gnostica)<\/p>\n<p><a href=\"http:\/\/www.samaelgnosis.net\/audiolibros\/index.html\" target=\"_blank\">Audiolibros del V.M. Samael Aun Weor<\/a> (ICQ) Audiolibros del V.M. Samael Aun Weor con Voz Humana por Instituto Cultural Quetzalcoatl<\/p>\n<p><a href=\"http:\/\/koradi.org\/es\/descargas\/\" target=\"_blank\">Conferencias del V.M. Samael Aun Weor<\/a> (Koradi)<\/p>\n<p>Despu\u00e9s de varios a\u00f1os de trabajo de recopilaci\u00f3n y edici\u00f3n de los audio-cassettes de nuestro amado Maestro Samael Aun Weor, ponemos a disposici\u00f3n del pueblo Gn\u00f3stico en general la descarga gratuita de este Material Did\u00e1ctico en formato mp3.<\/p>\n<p><a href=\"http:\/\/www.gnosis2002.com\/tabla.html\" target=\"_blank\">Descarga de libros de Samael Aun Weor<\/a> (Gnosis2002)<\/p>\n<p>Tabla de descarga de libros de Samael Aun Weor. en este momento muchas de nuestras secciones est\u00e1n en periodo de renovaci\u00f3n, de modo que por ahora, las secciones de gnosis2002.com son estas:<\/p>\n<ul>\n<li>Aclaraciones respecto al contenido de esta p\u00e1gina<\/li>\n<li>Garant\u00edas que podemos ofrecer en cuanto a la autenticidad de los libros<\/li>\n<li>Criterios aplicados al estado definitivo de los textos o revisi\u00f3n exhaustiva<\/li>\n<li>primer factor de la revoluci\u00f3n de la conciencia: MORIR<\/li>\n<li>segundo factor de la revoluci\u00f3n de la conciencia: NACER<\/li>\n<li>tercer factor de la revoluci\u00f3n de la conciencia: SACRIFICIO POR LA HUMANIDAD<\/li>\n<li>forma en que est\u00e1 organizada la tabla de descarga<\/li>\n<li>Contactar con el autor<\/li>\n<\/ul>\n<p><a href=\"http:\/\/www.ageacacusa.org\/\" target=\"_blank\">AGEACAC USA<\/a> A.G.E.A.C.A.C. CENTRO DE CAPACITACI\u00d3N \u201cSAMAEL AUN WEOR\u201d USA<\/a><\/p>\n<p><a href=\"http:\/\/www.ageacac.net\/\" target=\"_blank\">AGEACAC Mexico<\/a> ASOCIACION GNOSTICA DE ESTUDIOS ANTROLOGICOS Y CULTURALES<\/a><\/p>\n<p><a href=\"http:\/\/www.murtonsys.com\/bibledatabase\/htmlc\/spanish\/index.htm\" target=\"_blank\">Espa\u00f1ol Reina Valera online<\/a> Biblia Espa\u00f1ol Reina Valera online<\/p>\n<p><a href=\"https:\/\/www.ageacac.org.br\/\" target=\"_blank\">AGEACAC Brazil<\/a> A AGEACAC \u00e9 uma institui\u00e7\u00e3o nacional, sociedade civil, de car\u00e1ter filantr\u00f3pico, cultural, cient\u00edfico e art\u00edstico. Constitu\u00edda por cidad\u00e3os livres e de bons costumes, sem distin\u00e7\u00e3o de ra\u00e7a, nacionalidade ou credo religioso&#8230;<\/p>\n<p>&nbsp;<\/p>\n","protected":false},"excerpt":{"rendered":"<p>Espa\u00f1ol or SPANISH: Radio Koradi (Radio Gnostica) Audiolibros del V.M. Samael Aun Weor (ICQ) Audiolibros del V.M. Samael Aun Weor con Voz Humana por Instituto Cultural Quetzalcoatl Conferencias del V.M. Samael Aun Weor (Koradi) Despu\u00e9s de varios a\u00f1os de trabajo de recopilaci\u00f3n y edici\u00f3n de los audio-cassettes de nuestro amado Maestro Samael Aun Weor, ponemos &hellip; <\/p>\n<p class=\"link-more\"><a href=\"https:\/\/gnosisamerica.org\/index.php\/gnostic-links\/espanol-or-spanish-links\/\" class=\"more-link\">Continue reading<span class=\"screen-reader-text\"> &#8220;Espanol or Spanish Links&#8221;<\/span><\/a><\/p>\n","protected":false},"author":1,"featured_media":0,"parent":55,"menu_order":3,"comment_status":"closed","ping_status":"closed","template":"","meta":[],"categories":[6],"tags":[3],"_links":{"self":[{"href":"https:\/\/gnosisamerica.org\/index.php\/wp-json\/wp\/v2\/pages\/146"}],"collection":[{"href":"https:\/\/gnosisamerica.org\/index.php\/wp-json\/wp\/v2\/pages"}],"about":[{"href":"https:\/\/gnosisamerica.org\/index.php\/wp-json\/wp\/v2\/types\/page"}],"author":[{"embeddable":true,"href":"https:\/\/gnosisamerica.org\/index.php\/wp-json\/wp\/v2\/users\/1"}],"replies":[{"embeddable":true,"href":"https:\/\/gnosisamerica.org\/index.php\/wp-json\/wp\/v2\/comments?post=146"}],"version-history":[{"count":7,"href":"https:\/\/gnosisamerica.org\/index.php\/wp-json\/wp\/v2\/pages\/146\/revisions"}],"predecessor-version":[{"id":4642,"href":"https:\/\/gnosisamerica.org\/index.php\/wp-json\/wp\/v2\/pages\/146\/revisions\/4642"}],"up":[{"embeddable":true,"href":"https:\/\/gnosisamerica.org\/index.php\/wp-json\/wp\/v2\/pages\/55"}],"wp:attachment":[{"href":"https:\/\/gnosisamerica.org\/index.php\/wp-json\/wp\/v2\/media?parent=146"}],"wp:term":[{"taxonomy":"category","embeddable":true,"href":"https:\/\/gnosisamerica.org\/index.php\/wp-json\/wp\/v2\/categories?post=146"},{"taxonomy":"post_tag","embeddable":true,"href":"https:\/\/gnosisamerica.org\/index.php\/wp-json\/wp\/v2\/tags?post=146"}],"curies":[{"name":"wp","href":"https:\/\/api.w.org\/{rel}","templated":true}]}}